{"id":2937,"date":"2024-10-22T20:00:26","date_gmt":"2024-10-22T20:00:26","guid":{"rendered":"https:\/\/marchadelagorra.org\/2024\/?page_id=2937"},"modified":"2024-10-22T23:17:59","modified_gmt":"2024-10-22T23:17:59","slug":"nosotrxs","status":"publish","type":"page","link":"https:\/\/marchadelagorra.org\/2024\/nosotrxs\/","title":{"rendered":"Nosotrxs"},"content":{"rendered":"\n<p>La <strong>Marcha de la Gorra (MDLG)<\/strong> naci\u00f3 para denunciar una problem\u00e1tica cotidiana para lxs j\u00f3venes de los barrios de C\u00f3rdoba: la violencia estatal policial que lxs persigue, detiene, golpea, tortura y mata. La llamada \u201cportaci\u00f3n de rostro\u201d se basa en presumir la culpabilidad de una persona por su apariencia y su lugar de origen, sosteniendo una l\u00f3gica de segregaci\u00f3n y estigmatizaci\u00f3n. Si sos de un barrio pobre, no pod\u00e9s llegar al centro.<\/p>\n\n\n\n<p>Sin embargo, a trav\u00e9s de los a\u00f1os, de la lucha y la organizaci\u00f3n, los reclamos se hicieron cada vez m\u00e1s complejos y amplios, mientras la marcha se extendi\u00f3 por todo el pa\u00eds. Hoy, la denuncia es contra todas las formas de violencia que despliega el aparato del Estado, y sus gobiernos comprendidos desde la amplitud de las instituciones involucradas: el Poder Judicial, el Legislativo y el Ejecutivo dise\u00f1ando pol\u00edticas de muerte que se efect\u00faan a trav\u00e9s de su brazo armado, las fuerzas de seguridad.<\/p>\n\n\n\n<p>El contexto se ve atravesado por una fuerte avanzada de la criminalizaci\u00f3n de la protesta y de la pobreza, a trav\u00e9s de los dos proyectos de ley presentados por el oficialismo de Hacemos por C\u00f3rdoba y la UCR en la Legislatura.<br>Ambos, buscan limitar el derecho a la movilizaci\u00f3n y al uso del espacio p\u00fablico. A su vez, una serie de denuncias y reclamos ponen en evidencia la crueldad de un sistema que dice cuidar a sus ciudadanxs: casos de gatillo f\u00e1cil y violaciones a los derechos humanos en la Senaf, en las instituciones de encierro y en el espacio p\u00fablico.<\/p>\n\n\n\n<p>As\u00ed, la MDLG se vuelve un espacio de lucha, pero tambi\u00e9n de encuentro, de memoria y de cuidado colectivo.<\/p>\n\n\n\n<p><a href=\"https:\/\/www.redalyc.org\/journal\/4761\/476151394004\/html\/\" title=\"\"><strong>Conjunto de reflexiones en torno a las aproximaciones interdisciplinarias y multimetodol\u00f3gicas que supone la exploraci\u00f3n de acciones colectivas desde la perspectiva de las ciencias sociales.<\/strong><\/a><\/p>\n","protected":false},"excerpt":{"rendered":"<p>La Marcha de la Gorra (MDLG) naci\u00f3 para denunciar una problem\u00e1tica cotidiana para lxs j\u00f3venes de los barrios de C\u00f3rdoba: la violencia estatal policial que lxs persigue, detiene, golpea, tortura y mata. La llamada \u201cportaci\u00f3n de rostro\u201d se basa en presumir la culpabilidad de una persona por su apariencia y su lugar de origen, sosteniendo&hellip; <br \/> <a class=\"button small blue\" href=\"https:\/\/marchadelagorra.org\/2024\/nosotrxs\/\">Leer m\u00e1s<\/a><\/p>\n","protected":false},"author":3,"featured_media":0,"parent":0,"menu_order":0,"comment_status":"closed","ping_status":"closed","template":"","meta":{"footnotes":""},"class_list":["post-2937","page","type-page","status-publish","hentry"],"aioseo_notices":[],"_links":{"self":[{"href":"https:\/\/marchadelagorra.org\/2024\/wp-json\/wp\/v2\/pages\/2937","targetHints":{"allow":["GET"]}}],"collection":[{"href":"https:\/\/marchadelagorra.org\/2024\/wp-json\/wp\/v2\/pages"}],"about":[{"href":"https:\/\/marchadelagorra.org\/2024\/wp-json\/wp\/v2\/types\/page"}],"author":[{"embeddable":true,"href":"https:\/\/marchadelagorra.org\/2024\/wp-json\/wp\/v2\/users\/3"}],"replies":[{"embeddable":true,"href":"https:\/\/marchadelagorra.org\/2024\/wp-json\/wp\/v2\/comments?post=2937"}],"version-history":[{"count":0,"href":"https:\/\/marchadelagorra.org\/2024\/wp-json\/wp\/v2\/pages\/2937\/revisions"}],"wp:attachment":[{"href":"https:\/\/marchadelagorra.org\/2024\/wp-json\/wp\/v2\/media?parent=2937"}],"curies":[{"name":"wp","href":"https:\/\/api.w.org\/{rel}","templated":true}]}}