{"id":2887,"date":"2024-10-22T18:34:35","date_gmt":"2024-10-22T18:34:35","guid":{"rendered":"https:\/\/marchadelagorra.org\/2024\/one-page-express\/"},"modified":"2025-11-20T14:12:30","modified_gmt":"2025-11-20T14:12:30","slug":"marcha-de-la-gorra","status":"publish","type":"page","link":"https:\/\/marchadelagorra.org\/2024\/","title":{"rendered":"MDLG"},"content":{"rendered":"<div  id=\"nosotrxs\" style=\"background-color: #f6f6f6;\" data-label=\"Nosotrxs\" data-id=\"about-big-images-section\" data-category=\"about\" class=\"about-big-images-section\"> <div  class=\"gridContainer\"> <div  class=\"about-big-images-textrow\"> <div  class=\"about-big-images-textcol dynamic-color\" data-type=\"column\"> <h5  class=\"\">NOSOTRXS<\/h5> <h3  class=\"\"> La lucha antirrepresiva en C\u00f3rdoba toma las calles para <span  href=\"#\" class=\"span25\">posicionarse contra la violencia estatal<\/span><\/h3> <p  class=\"\">Como cada a\u00f1o, desde el 20 de noviembre de 2007, la lucha antirrepresiva en C\u00f3rdoba toma las calles para posicionarse contra la violencia estatal. Adem\u00e1s, en el camino previo se realizar\u00e1n actividades culturales, con el objetivo de promover el encuentro a trav\u00e9s del arte y, a la vez, recaudar fondos para la realizaci\u00f3n de la marcha, que se sostiene de manera autogestiva.<\/p> <a  class=\"button blue big\" href=\"https:\/\/marchadelagorra.org\/2024\/nosotrxs\" target=\"_self\" rel=\"noopener\">VER M\u00c1S<\/a> <\/div> <\/div> <\/div> <div  class=\"about-big-images-bottomrow\"> <div  class=\"about-big-images-leftimgcol\"><img  decoding=\"async\" class=\"about-big-images-leftimg\" src=\"https:\/\/marchadelagorra.org\/2024\/wp-content\/uploads\/2024\/10\/000.jpg\" alt=\"\"> <\/div> <div  class=\"about-big-images-centerimgcol\"><img  decoding=\"async\" class=\"about-big-images-centerimg\" src=\"https:\/\/marchadelagorra.org\/2024\/wp-content\/uploads\/2024\/10\/012.jpg\" alt=\"\"> <\/div> <div  class=\"about-big-images-rightimgcol\"><img  decoding=\"async\" class=\"about-big-images-rightimg\" src=\"https:\/\/marchadelagorra.org\/2024\/wp-content\/uploads\/2016\/11\/alto-embrollo-mdlg-2.jpg\" alt=\"\"> <\/div> <\/div> <\/div><div  data-label=\"hechicerias\" data-id=\"about-images-right-section\" data-category=\"about\" class=\"about-images-right-section\" id=\"hechicerias\" style=\"background-color: rgb(255, 255, 255);\"> <div  class=\"gridContainer dynamic-color\"> <div  class=\"about-images-right-innerrow dynamic-color\"> <div  class=\"about-images-right-textcol\" data-type=\"column\"> <h5  class=\"\">Noviembre 2024<\/h5> <h2  class=\"about-images-right-bigtitle\">Cierre de marcha<br ><span  href=\"#\" class=\"span24\">Acci\u00f3n sonora <\/span>\n<br >18\u00b0 MDLG<\/h2> <p  class=\"\">Las latas que juntamos se transformaron en un Final de Marcha con Acci\u00f3n Sonora, que nos prepar\u00f3 para escuchar la lectura del documento de la 18\u00b0 Marcha de la Gorra.<br >Un gran llamador, que se escuch\u00f3, nos escucharon, reson\u00f3, que aviv\u00f3 nuestro fuego.<\/p> <a  class=\"button blue\" href=\"https:\/\/www.instagram.com\/reel\/DCrZD4lx2zt?utm_source=ig_web_copy_link&amp;igsh=MzRlODBiNWFlZA\" target=\"_blank\">VER LA ACCI\u00d3N<\/a> <\/div> <div  class=\"about-images-right-imgcol\"><img  decoding=\"async\" class=\"about-images-right-topimg\" src=\"https:\/\/marchadelagorra.org\/2024\/wp-content\/uploads\/2024\/11\/Copia-de-18MDLG-INTERVENCION_0004-scaled.jpg\" alt=\"\"><img  decoding=\"async\" class=\"about-images-right-rightimg\" src=\"https:\/\/marchadelagorra.org\/2024\/wp-content\/uploads\/2024\/11\/Copia-de-18MDLG-INTERVENCION_0070-scaled.jpg\" alt=\"\"><img  decoding=\"async\" class=\"about-images-right-leftimg\" src=\"https:\/\/marchadelagorra.org\/2024\/wp-content\/uploads\/2024\/11\/accion-sonora.jpg\" alt=\"\"> <\/div> <\/div> <\/div><\/div><div  data-label=\"hechicerias\" data-id=\"stripped-about-four-boxes-section\" data-category=\"overlapable\" class=\"stripped-about-four-boxes-section\" data-overlap=\"true\" id=\"hechicerias\" style=\"background-color: rgb(246, 246, 246);\"> <div  class=\"gridContainer\"> <div  class=\"about-four-boxes-innerrow flexbox-list\"> <div  class=\"about-four-boxes-imgcol\" data-bg=\"image\" style=\"background-image: url(&quot;https:\/\/marchadelagorra.org\/2024\/wp-content\/uploads\/2021\/11\/plegaria-2021-mdlg.png&quot;);\"><\/div> <div  class=\"about-four-boxes-textcol\" data-type=\"column\"> <h6  class=\"\">HECHICER\u00edas desafortunadaS<\/h6> <h2  class=\"\">Geometr\u00eda sagrada<\/h2> <p  class=\"\">Figura de geometr\u00eda sagrada compuesta por varias otras. No es una sola figura, es una composici\u00f3n: los c\u00edrculos son una parte central de la flor de la vida, los tri\u00e1ngulos ser\u00edan lo m\u00e1s cercano a altares o tumbas, por eso las cajitas con les pibxs. <\/p> <a  href=\"https:\/\/www.youtube.com\/watch?v=yizScAA5fjY&amp;t=20s\" class=\"\" target=\"_blank\" rel=\"noopener\">Ver hechicer\u00eda<\/a><\/div> <div  class=\"about-four-boxes-textcol\" data-type=\"column\"> <h6  class=\"\">HECHICER\u00edas desafortunadas<\/h6> <h2  class=\"\">El afecto como flecha<\/h2> <p  class=\"\">Nuestro afecto como flecha, como trazo subversivo, arrogante, \n<br >en una realidad llena de atropellos y mezquindades. \n\n<br ><br >Nada muere para nosotres, todo lo habitamos.<\/p> <a  href=\"https:\/\/www.instagram.com\/reel\/C0o92CYoSWM\" class=\"\" target=\"_blank\" rel=\"noopener\">Ver hechicer\u00eda<\/a><img  decoding=\"async\" class=\"custom-image\" src=\"#\"><\/div> <div  class=\"about-four-boxes-imgcol2\" data-bg=\"image\" style=\"background-image: url(&quot;https:\/\/marchadelagorra.org\/2024\/wp-content\/uploads\/2023\/12\/Nada-muere-para-nosotres-todo-lo-habitamos.jpg&quot;);\"><\/div> <\/div> <\/div><\/div><div  id=\"marchas\" style=\"background-color: #ffffff;\" data-label=\"Marchas\" data-id=\"content-image-left\" data-category=\"content\" class=\"content-left-image-section\"> <div  class=\"gridContainer\"> <div  class=\"row\"> <div  class=\"content-left-image-imgcol\" data-type=\"column\"> <img  decoding=\"async\" src=\"https:\/\/marchadelagorra.org\/2024\/wp-content\/uploads\/2024\/10\/virus-yuta.jpg\" class=\"\" alt=\"\"> <\/div> <div  class=\"content-left-image-textcol dynamic-color\" data-type=\"column\"> <h2  class=\"\">Marchas de la Gorra<\/h2> <p  class=\"large_text\">Archivo hist\u00f3rico sobre las diferentes ediciones de la Marcha de la Gorra en C\u00f3rdoba y en el resto del pa\u00eds.<\/p> <a  class=\"button blue\" href=\"https:\/\/marchadelagorra.org\/2024\/mdlg\/#page-content\" target=\"_self\" rel=\"noopener\"> Leer m\u00e1s <\/a> <\/div> <\/div> <\/div> <\/div><div  id=\"materiales\" style=\"background-color: #f6f6f6;\" data-label=\"Materiales\" data-id=\"content-image-right\" data-category=\"content\" class=\"content-right-image-section\"> <div  class=\"gridContainer\"> <div  class=\"content-right-image-gridcol\"> <div  class=\"content-right-image-textcol dynamic-color\" data-type=\"column\"> <h2  class=\"\">Materiales sobre represi\u00f3n estatal<\/h2> <p  class=\"large_text\">Repositorio de materiales referidos al nuevo C\u00f3digo de Convivencia, manuales, documentos, etc. para utilizar en talleres y formaci\u00f3n sobre la implementaci\u00f3n del sistema represivo en C\u00f3rdoba.<\/p> <a  class=\"button blue\" href=\"https:\/\/marchadelagorra.org\/2024\/descarga-materiales-para-taller-sobre-la-mdlg\/#page-content\" target=\"_self\" rel=\"noopener\"> Leer m\u00e1s <\/a> <\/div> <div  class=\"content-right-image-imgcol\" data-type=\"column\"> <img  decoding=\"async\" src=\"https:\/\/marchadelagorra.org\/2024\/wp-content\/uploads\/2023\/11\/kit-de-resistencia-contra-el-codigo-1.webp\" class=\"\" alt=\"\"> <\/div> <\/div> <\/div> <\/div><div  id=\"colaborativa\" style=\"background-color: rgb(246, 246, 246);\" data-label=\"Colaborativa\" data-id=\"portfolio-full-section\" data-category=\"portfolio\"> <div  class=\"portfolio-full-section\" data-type=\"row\"> <div  class=\"portfolio-full-projectco cp4cols cp4cols-tablet\"> <div  class=\"contentswap-effect ContentSwap103\" hover-fx=\"ContentSwap103\" id=\"ContentSwap103\"> <div  class=\"ContentSwap103_content initial-image\"><img  decoding=\"async\" class=\"portfolio-full-projectimg\" data-size=\"1200x800\" src=\"https:\/\/marchadelagorra.org\/2024\/wp-content\/uploads\/2024\/10\/cropped-f.jpg\"> <\/div> <div  class=\"overlay\" style=\"display: block; opacity: 1;\"><\/div> <div  class=\"swap-inner\" style=\"opacity: 1; display: block;\"> <div  class=\"ContentSwap103-center\"> <h4  class=\"protfolio-full-itemtitle\">Gorras en el aire<\/h4><a  class=\"button yellow\" href=\"https:\/\/marchadelagorra.org\/2024\/category\/fotos\/#page-content\" target=\"_self\" rel=\"noopener\">galer\u00eda de fotos<\/a> <\/div> <\/div> <\/div> <\/div> <div  class=\"portfolio-full-projectco cp4cols cp4cols-tablet\"> <div  class=\"contentswap-effect ContentSwap103\" hover-fx=\"ContentSwap103\" id=\"ContentSwap103\" is-hovered=\"1\"> <div  class=\"ContentSwap103_content initial-image\"><img  decoding=\"async\" class=\"portfolio-full-projectimg\" data-size=\"1200x800\" src=\"https:\/\/marchadelagorra.org\/2024\/wp-content\/uploads\/2024\/10\/cropped-cropped-marcha-de-la-gorra-cuanto-mas-policia.jpg\"> <\/div> <div  class=\"overlay\" style=\"display: block; opacity: 1;\"><\/div> <div  class=\"swap-inner\" style=\"opacity: 1; display: block;\"> <div  class=\"ContentSwap103-center\"> <h4  class=\"protfolio-full-itemtitle\">Intervenciones<\/h4><a  class=\"button yellow\" href=\"https:\/\/marchadelagorra.org\/2024\/category\/audios\/#page-content\" target=\"_self\" rel=\"noopener\">AUDIOS<\/a> <\/div> <\/div> <\/div> <\/div> <div  class=\"portfolio-full-projectco cp4cols cp4cols-tablet\"> <div  class=\"contentswap-effect ContentSwap103\" hover-fx=\"ContentSwap103\" id=\"ContentSwap103\" is-hovered=\"1\"> <div  class=\"ContentSwap103_content initial-image\"><img  decoding=\"async\" class=\"portfolio-full-projectimg\" data-size=\"1200x800\" src=\"https:\/\/marchadelagorra.org\/2024\/wp-content\/uploads\/2024\/10\/cropped-cropped-DSC_2543-scaled-1.jpg\"> <\/div> <div  class=\"overlay\" style=\"display: block; opacity: 1;\"><\/div> <div  class=\"swap-inner\" style=\"opacity: 1; display: block;\"> <div  class=\"ContentSwap103-center\"> <h4  class=\"protfolio-full-itemtitle\">Alto Embrollo<\/h4><a  class=\"button yellow\" href=\"https:\/\/marchadelagorra.org\/2024\/category\/cronicas\" target=\"_self\" rel=\"noopener\">CR\u00d3NICAS<\/a> <\/div> <\/div> <\/div> <\/div><\/div><\/div><div  id=\"notas\" style=\"background-color: #ffffff;\" data-label=\"Notas\" data-id=\"blog-section\" data-category=\"latest_news\" class=\"blog-section\"> <div  class=\"gridContainer\"> <div  class=\"blog-textrow\"> <div  class=\"blog-textcol dynamic-color\" data-type=\"column\"> <h2  class=\"\">NOTAS<\/h2> <p  class=\"\">Novedades y art\u00edculos sobre las distintas ediciones de la MDLG y de las diversas actividades que se realizan \n<br >en el marco de las acciones pol\u00edticas sobre la marcha.<\/p> <\/div> <\/div> <div  class=\"blog-postsrow dark-text\" data-type=\"row\" data-dynamic-columns=\"one_page_express_latest_news_columns\" data-content-shortcode=\"one_page_express_latest_news\">\t\t\t<div id=\"post-3192\" class=\"blog-postcol cp4cols\">\n\t\t\t<div class=\"post-content\">\n\t\t\t\t\t\t\t\t\t<a class=\"post-list-item-thumb\" href=\"https:\/\/marchadelagorra.org\/2024\/afichismo-y-activismo-visual-disenar-atmosferas-en-la-marcha-de-la-gorra\/\">\n\t\t\t\t\t\t<img fetchpriority=\"high\" decoding=\"async\" width=\"1024\" height=\"576\" src=\"https:\/\/marchadelagorra.org\/2024\/wp-content\/uploads\/2025\/11\/marcha-de-la-gorra-diseno-afichismo-activismo-visual-1024x576.jpg\" class=\"attachment-post-thumbnail size-post-thumbnail wp-post-image\" alt=\"\" srcset=\"https:\/\/marchadelagorra.org\/2024\/wp-content\/uploads\/2025\/11\/marcha-de-la-gorra-diseno-afichismo-activismo-visual-1024x576.jpg 1024w, https:\/\/marchadelagorra.org\/2024\/wp-content\/uploads\/2025\/11\/marcha-de-la-gorra-diseno-afichismo-activismo-visual-300x169.jpg 300w, https:\/\/marchadelagorra.org\/2024\/wp-content\/uploads\/2025\/11\/marcha-de-la-gorra-diseno-afichismo-activismo-visual-768x432.jpg 768w, https:\/\/marchadelagorra.org\/2024\/wp-content\/uploads\/2025\/11\/marcha-de-la-gorra-diseno-afichismo-activismo-visual.jpg 1200w\" sizes=\"(max-width: 1024px) 100vw, 1024px\" \/>\t\t\t\t\t<\/a>\n\t\t\t\t\t\t\t\t<div class=\"row_345\">\n\t\t\t\t\t<h3 class=\"blog-title\">\n\t\t\t\t\t\t<a href=\"https:\/\/marchadelagorra.org\/2024\/afichismo-y-activismo-visual-disenar-atmosferas-en-la-marcha-de-la-gorra\/\" rel=\"bookmark\">\n\t\t\t\t\t\t\tAfichismo y activismo visual: dise\u00f1ar atm\u00f3sferas en la Marcha de la Gorra\t\t\t\t\t\t<\/a>\n\t\t\t\t\t<\/h3>\n\t\t\t\t\t<p>Este jueves 20 de noviembre se realiza en C\u00f3rdoba la 19\u00b0 Marcha de la Gorra, una expresi\u00f3n colectiva, pol\u00edtica y art\u00edstica contra todas las formas de represi\u00f3n estatal. Desde la[&hellip;]\n\t\t\t\t\t<a class=\"button blue small\" href=\"https:\/\/marchadelagorra.org\/2024\/afichismo-y-activismo-visual-disenar-atmosferas-en-la-marcha-de-la-gorra\/\">\n\t\t\t\t\t\t<span data-theme=\"one_page_express_latest_news_read_more\">Read more<\/span>\n\t\t\t\t\t<\/a>\n\t\t\t\t\t<hr class=\"blog-separator\">\n<div class=\"post-header\">\n    <i class=\"font-icon-post fa fa-user\"><\/i>\n    <a href=\"https:\/\/marchadelagorra.org\/2024\/author\/admin\/\" title=\"Entradas de Comunicaci\u00f3n MdlG\" rel=\"author\">Comunicaci\u00f3n MdlG<\/a>    <i class=\"font-icon-post fa fa-calendar\"><\/i>\n    <span class=\"span12\">20 noviembre, 2025<\/span>\n\n    <i class=\"font-icon-post fa fa-comment-o\"><\/i>\n    <span>0<\/span>\n<\/div>\t\t\t\t<\/div>\n\t\t\t<\/div>\n\t\t<\/div>\n\t\t\t\t<div id=\"post-3169\" class=\"blog-postcol cp4cols\">\n\t\t\t<div class=\"post-content\">\n\t\t\t\t\t\t\t\t\t<a class=\"post-list-item-thumb\" href=\"https:\/\/marchadelagorra.org\/2024\/marcha-de-la-gorra-aire-en-el-destrozo\/\">\n\t\t\t\t\t\t<img decoding=\"async\" width=\"1024\" height=\"1280\" src=\"https:\/\/marchadelagorra.org\/2024\/wp-content\/uploads\/2025\/11\/mdlg-2025-aire-en-el-destrozo-1024x1280.webp\" class=\"attachment-post-thumbnail size-post-thumbnail wp-post-image\" alt=\"\" srcset=\"https:\/\/marchadelagorra.org\/2024\/wp-content\/uploads\/2025\/11\/mdlg-2025-aire-en-el-destrozo-1024x1280.webp 1024w, https:\/\/marchadelagorra.org\/2024\/wp-content\/uploads\/2025\/11\/mdlg-2025-aire-en-el-destrozo-240x300.webp 240w, https:\/\/marchadelagorra.org\/2024\/wp-content\/uploads\/2025\/11\/mdlg-2025-aire-en-el-destrozo-819x1024.webp 819w, https:\/\/marchadelagorra.org\/2024\/wp-content\/uploads\/2025\/11\/mdlg-2025-aire-en-el-destrozo-768x960.webp 768w, https:\/\/marchadelagorra.org\/2024\/wp-content\/uploads\/2025\/11\/mdlg-2025-aire-en-el-destrozo-1229x1536.webp 1229w, https:\/\/marchadelagorra.org\/2024\/wp-content\/uploads\/2025\/11\/mdlg-2025-aire-en-el-destrozo-864x1080.webp 864w, https:\/\/marchadelagorra.org\/2024\/wp-content\/uploads\/2025\/11\/mdlg-2025-aire-en-el-destrozo.webp 1440w\" sizes=\"(max-width: 1024px) 100vw, 1024px\" \/>\t\t\t\t\t<\/a>\n\t\t\t\t\t\t\t\t<div class=\"row_345\">\n\t\t\t\t\t<h3 class=\"blog-title\">\n\t\t\t\t\t\t<a href=\"https:\/\/marchadelagorra.org\/2024\/marcha-de-la-gorra-aire-en-el-destrozo\/\" rel=\"bookmark\">\n\t\t\t\t\t\t\tMarcha de la gorra \/ Aire en el destrozo\t\t\t\t\t\t<\/a>\n\t\t\t\t\t<\/h3>\n\t\t\t\t\t<p>Jueves 20 \u2022 19 MDLG \u2022 Col\u00f3n y Ca\u00f1ada \u2022 18 hs. Somos la Marcha de la Gorra, somos aire en el destrozo. Hace 19 a\u00f1os que conspiramos contra lxs[&hellip;]\n\t\t\t\t\t<a class=\"button blue small\" href=\"https:\/\/marchadelagorra.org\/2024\/marcha-de-la-gorra-aire-en-el-destrozo\/\">\n\t\t\t\t\t\t<span data-theme=\"one_page_express_latest_news_read_more\">Read more<\/span>\n\t\t\t\t\t<\/a>\n\t\t\t\t\t<hr class=\"blog-separator\">\n<div class=\"post-header\">\n    <i class=\"font-icon-post fa fa-user\"><\/i>\n    <a href=\"https:\/\/marchadelagorra.org\/2024\/author\/admin\/\" title=\"Entradas de Comunicaci\u00f3n MdlG\" rel=\"author\">Comunicaci\u00f3n MdlG<\/a>    <i class=\"font-icon-post fa fa-calendar\"><\/i>\n    <span class=\"span12\">14 noviembre, 2025<\/span>\n\n    <i class=\"font-icon-post fa fa-comment-o\"><\/i>\n    <span>0<\/span>\n<\/div>\t\t\t\t<\/div>\n\t\t\t<\/div>\n\t\t<\/div>\n\t\t\t\t<div id=\"post-3121\" class=\"blog-postcol cp4cols\">\n\t\t\t<div class=\"post-content\">\n\t\t\t\t\t\t\t\t\t<a class=\"post-list-item-thumb\" href=\"https:\/\/marchadelagorra.org\/2024\/3121-2\/\">\n\t\t\t\t\t\t<img decoding=\"async\" width=\"1024\" height=\"683\" src=\"https:\/\/marchadelagorra.org\/2024\/wp-content\/uploads\/2024\/11\/18-mdlg-2024-1-2-1024x683.jpg\" class=\"attachment-post-thumbnail size-post-thumbnail wp-post-image\" alt=\"\" srcset=\"https:\/\/marchadelagorra.org\/2024\/wp-content\/uploads\/2024\/11\/18-mdlg-2024-1-2-1024x683.jpg 1024w, https:\/\/marchadelagorra.org\/2024\/wp-content\/uploads\/2024\/11\/18-mdlg-2024-1-2-300x200.jpg 300w, https:\/\/marchadelagorra.org\/2024\/wp-content\/uploads\/2024\/11\/18-mdlg-2024-1-2-768x512.jpg 768w, https:\/\/marchadelagorra.org\/2024\/wp-content\/uploads\/2024\/11\/18-mdlg-2024-1-2.jpg 1080w\" sizes=\"(max-width: 1024px) 100vw, 1024px\" \/>\t\t\t\t\t<\/a>\n\t\t\t\t\t\t\t\t<div class=\"row_345\">\n\t\t\t\t\t<h3 class=\"blog-title\">\n\t\t\t\t\t\t<a href=\"https:\/\/marchadelagorra.org\/2024\/3121-2\/\" rel=\"bookmark\">\n\t\t\t\t\t\t\t\u00a1Volvimos a encender C\u00f3rdoba! | Documento 18\u00b0 MDLG\t\t\t\t\t\t<\/a>\n\t\t\t\t\t<\/h3>\n\t\t\t\t\t<p>El mi\u00e9rcoles 20\/11, C\u00f3rdoba ardi\u00f3 de rebeld\u00eda y justicia en la 18\u00aa Marcha de la Gorra . Nos plantamos con fuerza contra la represi\u00f3n estatal, la violencia policial y el[&hellip;]\n\t\t\t\t\t<a class=\"button blue small\" href=\"https:\/\/marchadelagorra.org\/2024\/3121-2\/\">\n\t\t\t\t\t\t<span data-theme=\"one_page_express_latest_news_read_more\">Read more<\/span>\n\t\t\t\t\t<\/a>\n\t\t\t\t\t<hr class=\"blog-separator\">\n<div class=\"post-header\">\n    <i class=\"font-icon-post fa fa-user\"><\/i>\n    <a href=\"https:\/\/marchadelagorra.org\/2024\/author\/admin\/\" title=\"Entradas de Comunicaci\u00f3n MdlG\" rel=\"author\">Comunicaci\u00f3n MdlG<\/a>    <i class=\"font-icon-post fa fa-calendar\"><\/i>\n    <span class=\"span12\">22 noviembre, 2024<\/span>\n\n    <i class=\"font-icon-post fa fa-comment-o\"><\/i>\n    <span>0<\/span>\n<\/div>\t\t\t\t<\/div>\n\t\t\t<\/div>\n\t\t<\/div>\n\t\t<\/div> <div  class=\"blog-textcol\"> <a  class=\"button blue\" data-attr-shortcode=\"href:one_page_express_blog_link\" href=\"https:\/\/marchadelagorra.org\/2024\/noticias-2\/\">VER TODAS LAS NOTAS<\/a> <\/div> <\/div><\/div><div  id=\"contacto\" data-label=\"Contacto\" data-id=\"contact-section\" data-category=\"contact\" data-bg=\"transparent\" class=\"contact-section-formsection white-text\"> <div  class=\"gridContainer\"> <div  class=\"row_224\"> <div  class=\"contact-textrow\"> <div  class=\"contact-textcol dynamic-color\"> <h2  class=\"\">SOMOS MOVIMIENTO<\/h2> <p  class=\"white_text\">Si quer\u00e9s saber m\u00e1s sobre la Marcha de la Gorra, no dudes en escribirnos.<\/p> <\/div> <\/div> <\/div> <div  class=\"contact-formcol\" data-content-shortcode=\"one_page_express_contact_form shortcode=&quot;contact-form-7 id=&amp;amp;quot;33947c4&amp;amp;quot; title=&amp;amp;quot;Contacto&amp;amp;quot;&quot;\" data-editable=\"true\">\n<div class=\"wpcf7 no-js\" id=\"wpcf7-f2932-o1\" lang=\"es-ES\" dir=\"ltr\" data-wpcf7-id=\"2932\">\n<div class=\"screen-reader-response\"><p role=\"status\" aria-live=\"polite\" aria-atomic=\"true\"><\/p> <ul><\/ul><\/div>\n<form action=\"\/2024\/wp-json\/wp\/v2\/pages\/2887#wpcf7-f2932-o1\" method=\"post\" class=\"wpcf7-form init\" aria-label=\"Formulario de contacto\" novalidate=\"novalidate\" data-status=\"init\">\n<fieldset class=\"hidden-fields-container\"><input type=\"hidden\" name=\"_wpcf7\" value=\"2932\" \/><input type=\"hidden\" name=\"_wpcf7_version\" value=\"6.1.5\" \/><input type=\"hidden\" name=\"_wpcf7_locale\" value=\"es_ES\" \/><input type=\"hidden\" name=\"_wpcf7_unit_tag\" value=\"wpcf7-f2932-o1\" \/><input type=\"hidden\" name=\"_wpcf7_container_post\" value=\"0\" \/><input type=\"hidden\" name=\"_wpcf7_posted_data_hash\" value=\"\" \/><input type=\"hidden\" name=\"_wpcf7_recaptcha_response\" value=\"\" \/>\n<\/fieldset>\n<p><label> Tu nombre<br \/>\n<span class=\"wpcf7-form-control-wrap\" data-name=\"your-name\"><input size=\"40\" maxlength=\"400\" class=\"wpcf7-form-control wpcf7-text wpcf7-validates-as-required\" autocomplete=\"name\" aria-required=\"true\" aria-invalid=\"false\" value=\"\" type=\"text\" name=\"your-name\" \/><\/span> <\/label>\n<\/p>\n<p><label> Tu correo electr\u00f3nico<br \/>\n<span class=\"wpcf7-form-control-wrap\" data-name=\"your-email\"><input size=\"40\" maxlength=\"400\" class=\"wpcf7-form-control wpcf7-email wpcf7-validates-as-required wpcf7-text wpcf7-validates-as-email\" autocomplete=\"email\" aria-required=\"true\" aria-invalid=\"false\" value=\"\" type=\"email\" name=\"your-email\" \/><\/span> <\/label>\n<\/p>\n<p><label> Asunto<br \/>\n<span class=\"wpcf7-form-control-wrap\" data-name=\"your-subject\"><input size=\"40\" maxlength=\"400\" class=\"wpcf7-form-control wpcf7-text wpcf7-validates-as-required\" aria-required=\"true\" aria-invalid=\"false\" value=\"\" type=\"text\" name=\"your-subject\" \/><\/span> <\/label>\n<\/p>\n<p><label> Tu mensaje (opcional)<br \/>\n<span class=\"wpcf7-form-control-wrap\" data-name=\"your-message\"><textarea cols=\"40\" rows=\"10\" maxlength=\"2000\" class=\"wpcf7-form-control wpcf7-textarea\" aria-invalid=\"false\" name=\"your-message\"><\/textarea><\/span> <\/label>\n<\/p>\n<span class=\"wpcf7-form-control-wrap recaptcha\" data-name=\"recaptcha\"><span data-sitekey=\"6LeeNmkqAAAAADwMgApvCAVbSE5jxl9Bb4hqPXLQ\" data-align=\"center\" class=\"wpcf7-form-control wpcf7-recaptcha g-recaptcha\"><\/span>\r\n<noscript>\r\n\t<div class=\"grecaptcha-noscript\">\r\n\t\t<iframe src=\"https:\/\/www.google.com\/recaptcha\/api\/fallback?k=6LeeNmkqAAAAADwMgApvCAVbSE5jxl9Bb4hqPXLQ\" frameborder=\"0\" scrolling=\"no\" width=\"310\" height=\"430\">\r\n\t\t<\/iframe>\r\n\t\t<textarea name=\"g-recaptcha-response\" rows=\"3\" cols=\"40\" placeholder=\"Aqu\u00ed la respuesta de reCAPTCHA\">\r\n\t\t<\/textarea>\r\n\t<\/div>\r\n<\/noscript>\r\n<\/span>\n<p><input class=\"wpcf7-form-control wpcf7-submit has-spinner\" type=\"submit\" value=\"Enviar\" \/>\n<\/p><div class=\"wpcf7-response-output\" aria-hidden=\"true\"><\/div>\n<\/form>\n<\/div>\n<\/div> <\/div><\/div><div  data-label=\"Features\" data-id=\"features-coloured-icon-boxes-section\" data-category=\"features\" class=\"features-coloured-icon-boxes-section\" id=\"features-1\" style=\"background-color: rgb(246, 246, 246);\"> <div  class=\"gridContainer\"> <div  class=\"features-coloured-icon-boxes-textrow\"> <div  class=\"features-coloured-icon-boxes-textcol dynamic-color\" data-type=\"column\"><img  decoding=\"async\" class=\"custom-image\" src=\"https:\/\/marchadelagorra.org\/2024\/wp-content\/uploads\/2023\/11\/fuego-e1700339184600.png\" alt=\"\">   <\/div> <\/div> <div  class=\"features-coloured-icon-boxes-innerrow flexbox-list dark-text\" data-type=\"row\"> <div  class=\"features-coloured-icon-boxes-featurecol cp3cols cp6cols-tablet\">     <i  class=\"fa cp-icon fa5 fa-facebook\"><\/i><div  class=\"spacer\" data-type=\"group\"><span  class=\"fa before\"><\/span><i  class=\"fa fa-bandcamp\" data-reiki-hidden=\"true\"><\/i><span  class=\"fa after\"><\/span><\/div><a  href=\"https:\/\/www.facebook.com\/MarchaDeLaGorraCba\" class=\"\" target=\"_blank\" rel=\"noopener\">Facebook<\/a><\/div> <div  class=\"features-coloured-icon-boxes-featurecol cp3cols cp6cols-tablet\"><i  class=\"fa cp-icon fa5 fa-instagram\"><\/i>     <div  class=\"spacer\" data-type=\"group\"><span  class=\"fa before\"><\/span><i  class=\"fa fa-bandcamp\" data-reiki-hidden=\"true\"><\/i><span  class=\"fa after\"><\/span><\/div><a  href=\"https:\/\/www.instagram.com\/marchadelagorracba\" class=\"\" target=\"_blank\" rel=\"noopener\">Instagram<\/a><\/div> <div  class=\"features-coloured-icon-boxes-featurecol cp3cols cp6cols-tablet\">     <i  class=\"fa cp-icon fa5 fa-twitter\"><\/i><div  class=\"spacer\" data-type=\"group\"><span  class=\"fa before\"><\/span><i  class=\"fa fa-bandcamp\" data-reiki-hidden=\"true\"><\/i><span  class=\"fa after\"><\/span><\/div><a  href=\"https:\/\/x.com\/MdlG_Cba\" class=\"\" target=\"_blank\" rel=\"noopener\">Equis<\/a><\/div> <div  class=\"features-coloured-icon-boxes-featurecol cp3cols cp6cols-tablet\">     <i  class=\"fa cp-icon fa5 fa-youtube-play\"><\/i><div  class=\"spacer\" data-type=\"group\"><span  class=\"fa before\"><\/span><i  class=\"fa fa-bandcamp\" data-reiki-hidden=\"true\"><\/i><span  class=\"fa after\"><\/span><\/div><a  href=\"https:\/\/www.youtube.com\/@marchadelagorracordoba7246\" class=\"\" target=\"_blank\" rel=\"noopener\">Youtube<\/a><\/div> <\/div> <\/div><\/div>","protected":false},"excerpt":{"rendered":"<p>NOSOTRXS La lucha antirrepresiva en C\u00f3rdoba toma las calles para posicionarse contra la violencia estatal Como cada a\u00f1o, desde el 20 de noviembre de 2007, la lucha antirrepresiva en C\u00f3rdoba toma las calles para posicionarse contra la violencia estatal. Adem\u00e1s, en el camino previo se realizar\u00e1n actividades culturales, con el objetivo de promover el encuentro&hellip; <br \/> <a class=\"button small blue\" href=\"https:\/\/marchadelagorra.org\/2024\/3121-2\/\">Leer m\u00e1s<\/a><\/p>\n","protected":false},"author":3,"featured_media":0,"parent":0,"menu_order":0,"comment_status":"closed","ping_status":"closed","template":"","meta":{"footnotes":""},"class_list":["post-2887","page","type-page","status-publish","hentry"],"aioseo_notices":[],"_links":{"self":[{"href":"https:\/\/marchadelagorra.org\/2024\/wp-json\/wp\/v2\/pages\/2887","targetHints":{"allow":["GET"]}}],"collection":[{"href":"https:\/\/marchadelagorra.org\/2024\/wp-json\/wp\/v2\/pages"}],"about":[{"href":"https:\/\/marchadelagorra.org\/2024\/wp-json\/wp\/v2\/types\/page"}],"author":[{"embeddable":true,"href":"https:\/\/marchadelagorra.org\/2024\/wp-json\/wp\/v2\/users\/3"}],"replies":[{"embeddable":true,"href":"https:\/\/marchadelagorra.org\/2024\/wp-json\/wp\/v2\/comments?post=2887"}],"version-history":[{"count":8,"href":"https:\/\/marchadelagorra.org\/2024\/wp-json\/wp\/v2\/pages\/2887\/revisions"}],"predecessor-version":[{"id":3189,"href":"https:\/\/marchadelagorra.org\/2024\/wp-json\/wp\/v2\/pages\/2887\/revisions\/3189"}],"wp:attachment":[{"href":"https:\/\/marchadelagorra.org\/2024\/wp-json\/wp\/v2\/media?parent=2887"}],"curies":[{"name":"wp","href":"https:\/\/api.w.org\/{rel}","templated":true}]}}