{"id":2577,"date":"2014-09-18T15:07:33","date_gmt":"2014-09-18T15:07:33","guid":{"rendered":"http:\/\/mdlg.culturaflux.com.ar\/?page_id=11"},"modified":"2025-11-14T14:22:06","modified_gmt":"2025-11-14T14:22:06","slug":"mdlg","status":"publish","type":"page","link":"https:\/\/marchadelagorra.org\/2024\/mdlg\/","title":{"rendered":"ARCHIVO DE MDLG"},"content":{"rendered":"\n<div class=\"wp-block-media-text is-stacked-on-mobile\" style=\"grid-template-columns:30% auto\"><figure class=\"wp-block-media-text__media\"><img fetchpriority=\"high\" decoding=\"async\" width=\"682\" height=\"1024\" src=\"https:\/\/marchadelagorra.org\/2024\/wp-content\/uploads\/2024\/10\/000-682x1024.jpg\" alt=\"\" class=\"wp-image-3011 size-full\" srcset=\"https:\/\/marchadelagorra.org\/2024\/wp-content\/uploads\/2024\/10\/000-682x1024.jpg 682w, https:\/\/marchadelagorra.org\/2024\/wp-content\/uploads\/2024\/10\/000-200x300.jpg 200w, https:\/\/marchadelagorra.org\/2024\/wp-content\/uploads\/2024\/10\/000-768x1152.jpg 768w, https:\/\/marchadelagorra.org\/2024\/wp-content\/uploads\/2024\/10\/000-720x1080.jpg 720w, https:\/\/marchadelagorra.org\/2024\/wp-content\/uploads\/2024\/10\/000.jpg 853w\" sizes=\"(max-width: 682px) 100vw, 682px\" \/><\/figure><div class=\"wp-block-media-text__content\">\n<h4 class=\"wp-block-heading\">Ediciones de la Marcha de la Gorra<\/h4>\n\n\n\n<p><a href=\"https:\/\/marchadelagorra.org\/2024\/category\/7-mdlg\/\"><strong>MDLG 7<\/strong><\/a><\/p>\n\n\n\n<h4 class=\"wp-block-heading\"><a href=\"https:\/\/marchadelagorra.org\/2024\/category\/8-mdlg\/\"><strong>MDLG 8<\/strong><\/a><\/h4>\n\n\n\n<h4 class=\"wp-block-heading\"><a href=\"https:\/\/marchadelagorra.org\/2024\/category\/9-mdlg\/\"><strong>MDLG 9<\/strong><\/a><\/h4>\n\n\n\n<h4 class=\"wp-block-heading\"><a href=\"https:\/\/marchadelagorra.org\/2024\/category\/10-mdlg\/\"><strong>MDLG 10<\/strong><\/a><\/h4>\n\n\n\n<h4 class=\"wp-block-heading\"><strong><a href=\"https:\/\/marchadelagorra.org\/2024\/category\/11-mdlg\/\"><strong>MDLG 11<\/strong><\/a><\/strong><\/h4>\n\n\n\n<h4 class=\"wp-block-heading\"><strong><a href=\"https:\/\/marchadelagorra.org\/2024\/category\/12-mdlg\/\"><strong>MDLG 12<\/strong><\/a><\/strong><\/h4>\n\n\n\n<p><strong><a href=\"https:\/\/marchadelagorra.org\/2024\/category\/13-mdlg\/\"><strong>MDLG 13<\/strong><\/a> <\/strong><\/p>\n\n\n\n<p><strong><a href=\"https:\/\/marchadelagorra.org\/2024\/category\/14-mdlg\/\"><strong>MDLG 14<\/strong><\/a> <\/strong><\/p>\n\n\n\n<p><strong><a href=\"https:\/\/marchadelagorra.org\/2024\/category\/15-mdlg\/\"><strong>MDLG 15<\/strong><\/a> <\/strong><\/p>\n\n\n\n<p><strong><a href=\"https:\/\/marchadelagorra.org\/2024\/category\/16-mdlg\/\"><strong>MDLG 16<\/strong><\/a> <\/strong><\/p>\n\n\n\n<p><strong><a href=\"https:\/\/marchadelagorra.org\/2024\/category\/17-mdlg\/\"><strong>MDLG 17<\/strong><\/a> <\/strong><\/p>\n\n\n\n<p><strong><a href=\"https:\/\/marchadelagorra.org\/2024\/category\/18-mdlg\/\"><strong>MDLG 18<\/strong><\/a><\/strong><\/p>\n\n\n\n<p><strong><a href=\"https:\/\/marchadelagorra.org\/2024\/category\/19-mdlg\/\" target=\"_blank\" rel=\"noopener\" title=\"\">MDLG 19<\/a><\/strong><br><\/p>\n<\/div><\/div>\n\n\n\n<div style=\"height:100px\" aria-hidden=\"true\" class=\"wp-block-spacer\"><\/div>\n\n\n\n<p class=\"has-text-align-center\"><strong>CONSIGNAS DE MARCHAS ANTERIORES:<\/strong><\/p>\n\n\n\n<p class=\"has-text-align-center\"><strong>1\u00aa Marcha de la Gorra:<\/strong> \u00bfPor qu\u00e9 tu gorra s\u00ed, la m\u00eda no?<\/p>\n\n\n\n<p class=\"has-text-align-center\">20 de noviembre de 2007<\/p>\n\n\n<div class=\"wp-block-image\">\n<figure class=\"aligncenter size-full\"><a href=\"https:\/\/marchadelagorra.org\/2024\/wp-content\/uploads\/2023\/11\/1marchadelagorra.jpg\"><img decoding=\"async\" width=\"377\" height=\"283\" src=\"https:\/\/marchadelagorra.org\/2024\/wp-content\/uploads\/2023\/11\/1marchadelagorra.jpg\" alt=\"\" class=\"wp-image-2777\" srcset=\"https:\/\/marchadelagorra.org\/2024\/wp-content\/uploads\/2023\/11\/1marchadelagorra.jpg 377w, https:\/\/marchadelagorra.org\/2024\/wp-content\/uploads\/2023\/11\/1marchadelagorra-300x225.jpg 300w\" sizes=\"(max-width: 377px) 100vw, 377px\" \/><\/a><\/figure>\n<\/div>\n\n\n<div style=\"height:100px\" aria-hidden=\"true\" class=\"wp-block-spacer\"><\/div>\n\n\n\n<p class=\"has-text-align-center\"><strong>2\u00aa Marcha de la Gorra:<\/strong> Una oreja para los chicos.<\/p>\n\n\n\n<p class=\"has-text-align-center\">20 de noviembre de 2008<\/p>\n\n\n<div class=\"wp-block-image\">\n<figure class=\"aligncenter size-full\"><a href=\"https:\/\/marchadelagorra.org\/2024\/wp-content\/uploads\/2023\/11\/2marchadelagorra.jpg\"><img decoding=\"async\" width=\"258\" height=\"359\" src=\"https:\/\/marchadelagorra.org\/2024\/wp-content\/uploads\/2023\/11\/2marchadelagorra.jpg\" alt=\"\" class=\"wp-image-2779\" srcset=\"https:\/\/marchadelagorra.org\/2024\/wp-content\/uploads\/2023\/11\/2marchadelagorra.jpg 258w, https:\/\/marchadelagorra.org\/2024\/wp-content\/uploads\/2023\/11\/2marchadelagorra-216x300.jpg 216w\" sizes=\"(max-width: 258px) 100vw, 258px\" \/><\/a><\/figure>\n<\/div>\n\n\n<div style=\"height:100px\" aria-hidden=\"true\" class=\"wp-block-spacer\"><\/div>\n\n\n\n<p class=\"has-text-align-center\"><strong>3\u00aa Marcha de la Gorra:<\/strong> Los j\u00f3venes al centro.<\/p>\n\n\n\n<p class=\"has-text-align-center\">20 de noviembre de 2009<\/p>\n\n\n<div class=\"wp-block-image\">\n<figure class=\"aligncenter size-full is-resized\"><a href=\"https:\/\/marchadelagorra.org\/2024\/wp-content\/uploads\/2023\/11\/3marchadelagorra.jpg\"><img loading=\"lazy\" decoding=\"async\" width=\"608\" height=\"850\" src=\"https:\/\/marchadelagorra.org\/2024\/wp-content\/uploads\/2023\/11\/3marchadelagorra.jpg\" alt=\"\" class=\"wp-image-2775\" style=\"width:226px;height:auto\" srcset=\"https:\/\/marchadelagorra.org\/2024\/wp-content\/uploads\/2023\/11\/3marchadelagorra.jpg 608w, https:\/\/marchadelagorra.org\/2024\/wp-content\/uploads\/2023\/11\/3marchadelagorra-215x300.jpg 215w\" sizes=\"(max-width: 608px) 100vw, 608px\" \/><\/a><\/figure>\n<\/div>\n\n\n<div style=\"height:100px\" aria-hidden=\"true\" class=\"wp-block-spacer\"><\/div>\n\n\n\n<p class=\"has-text-align-center\"><strong>4\u00aa Marcha de la Gorra:<\/strong> Contra el C\u00f3digo de Faltas. \u00bfY los Derechos que nos faltan?<\/p>\n\n\n\n<p class=\"has-text-align-center\">19 de noviembre de 2010<\/p>\n\n\n<div class=\"wp-block-image\">\n<figure class=\"aligncenter size-full\"><a href=\"https:\/\/marchadelagorra.org\/2024\/wp-content\/uploads\/2023\/11\/4-marcha-de-la-gorra-en-cordoba.jpg\"><img loading=\"lazy\" decoding=\"async\" width=\"187\" height=\"270\" src=\"https:\/\/marchadelagorra.org\/2024\/wp-content\/uploads\/2023\/11\/4-marcha-de-la-gorra-en-cordoba.jpg\" alt=\"\" class=\"wp-image-2760\"\/><\/a><\/figure>\n<\/div>\n\n\n<div style=\"height:100px\" aria-hidden=\"true\" class=\"wp-block-spacer\"><\/div>\n\n\n\n<p class=\"has-text-align-center\"><strong>5\u00aa Marcha de la Gorra:<\/strong> Nos detienen por la cultura.<\/p>\n\n\n\n<p class=\"has-text-align-center\">18 de noviembre de 2011<\/p>\n\n\n<div class=\"wp-block-image\">\n<figure class=\"aligncenter size-full\"><a href=\"https:\/\/marchadelagorra.org\/2024\/wp-content\/uploads\/2023\/11\/5marchadelagorra.jpg\"><img loading=\"lazy\" decoding=\"async\" width=\"260\" height=\"239\" src=\"https:\/\/marchadelagorra.org\/2024\/wp-content\/uploads\/2023\/11\/5marchadelagorra.jpg\" alt=\"\" class=\"wp-image-2781\"\/><\/a><\/figure>\n<\/div>\n\n\n<div style=\"height:100px\" aria-hidden=\"true\" class=\"wp-block-spacer\"><\/div>\n\n\n\n<p class=\"has-text-align-center\"><strong>6\u00aa Marcha de la Gorra:<\/strong> Tu c\u00f3digo trata de desaparecer nuestra alegr\u00eda callejera<\/p>\n\n\n\n<p class=\"has-text-align-center\">20 de noviembre de 2012<\/p>\n\n\n<div class=\"wp-block-image\">\n<figure class=\"aligncenter size-full is-resized\"><a href=\"https:\/\/marchadelagorra.org\/2024\/wp-content\/uploads\/2023\/11\/6-marcha-de-la-gorra-en-cordoba.jpg\"><img loading=\"lazy\" decoding=\"async\" width=\"189\" height=\"267\" src=\"https:\/\/marchadelagorra.org\/2024\/wp-content\/uploads\/2023\/11\/6-marcha-de-la-gorra-en-cordoba.jpg\" alt=\"\" class=\"wp-image-2762\" style=\"width:219px;height:auto\"\/><\/a><\/figure>\n<\/div>\n\n\n<div style=\"height:100px\" aria-hidden=\"true\" class=\"wp-block-spacer\"><\/div>\n\n\n\n<p class=\"has-text-align-center\"><strong>7\u00aa Marcha de la Gorra:<\/strong> Tu seguridad nos limita, nuestra Resistencia es infinita.<\/p>\n\n\n\n<p class=\"has-text-align-center\">20 de noviembre de 2013<\/p>\n\n\n<div class=\"wp-block-image\">\n<figure class=\"aligncenter size-full is-resized\"><a href=\"https:\/\/marchadelagorra.org\/2024\/wp-content\/uploads\/2023\/11\/7-marcha-flyer.webp\"><img loading=\"lazy\" decoding=\"async\" width=\"212\" height=\"299\" src=\"https:\/\/marchadelagorra.org\/2024\/wp-content\/uploads\/2023\/11\/7-marcha-flyer.webp\" alt=\"\" class=\"wp-image-2771\" style=\"width:252px;height:auto\"\/><\/a><\/figure>\n<\/div>\n\n\n<div style=\"height:100px\" aria-hidden=\"true\" class=\"wp-block-spacer\"><\/div>\n\n\n\n<p class=\"has-text-align-center\"><strong>8\u00aa Marcha de la Gorra:<\/strong> M\u00e1s vale gorras embrollando, que la polic\u00eda matando<\/p>\n\n\n\n<p class=\"has-text-align-center\">20 de noviembre de 2014<\/p>\n\n\n<div class=\"wp-block-image\">\n<figure class=\"aligncenter size-full is-resized\"><a href=\"https:\/\/marchadelagorra.org\/2024\/wp-content\/uploads\/2023\/11\/8-marcha-de-la-gorra-en-cordoba.jpg\"><img loading=\"lazy\" decoding=\"async\" width=\"188\" height=\"267\" src=\"https:\/\/marchadelagorra.org\/2024\/wp-content\/uploads\/2023\/11\/8-marcha-de-la-gorra-en-cordoba.jpg\" alt=\"\" class=\"wp-image-2764\" style=\"width:268px;height:auto\"\/><\/a><\/figure>\n<\/div>\n\n\n<div style=\"height:100px\" aria-hidden=\"true\" class=\"wp-block-spacer\"><\/div>\n\n\n\n<p class=\"has-text-align-center\"><strong>9\u00aa Marcha de la Gorra:<\/strong> En tu Estado policial te marchamos de frente mar.<\/p>\n\n\n\n<p class=\"has-text-align-center\">18 de noviembre de 2015<\/p>\n\n\n<div class=\"wp-block-image\">\n<figure class=\"aligncenter size-full is-resized\"><a href=\"https:\/\/marchadelagorra.org\/2024\/wp-content\/uploads\/2023\/11\/9marchadelagorra.jpg\"><img loading=\"lazy\" decoding=\"async\" width=\"348\" height=\"132\" src=\"https:\/\/marchadelagorra.org\/2024\/wp-content\/uploads\/2023\/11\/9marchadelagorra.jpg\" alt=\"\" class=\"wp-image-2783\" style=\"width:533px;height:auto\" srcset=\"https:\/\/marchadelagorra.org\/2024\/wp-content\/uploads\/2023\/11\/9marchadelagorra.jpg 348w, https:\/\/marchadelagorra.org\/2024\/wp-content\/uploads\/2023\/11\/9marchadelagorra-300x114.jpg 300w\" sizes=\"(max-width: 348px) 100vw, 348px\" \/><\/a><\/figure>\n<\/div>\n\n\n<div style=\"height:100px\" aria-hidden=\"true\" class=\"wp-block-spacer\"><\/div>\n\n\n\n<p class=\"has-text-align-center\"><strong>10a Marcha de la Gorra:<\/strong>\u200b \u00bfCu\u00e1nto M\u00e1s? El Estado es Responsable.<\/p>\n\n\n\n<p class=\"has-text-align-center\">18 de noviembre de 2016<\/p>\n\n\n<div class=\"wp-block-image\">\n<figure class=\"aligncenter size-large is-resized\"><a href=\"https:\/\/marchadelagorra.org\/2024\/wp-content\/uploads\/2016\/11\/Cuanto-mas.jpg\"><img loading=\"lazy\" decoding=\"async\" width=\"727\" height=\"1024\" src=\"https:\/\/marchadelagorra.org\/2024\/wp-content\/uploads\/2016\/11\/Cuanto-mas-727x1024.jpg\" alt=\"\" class=\"wp-image-2750\" style=\"width:322px;height:auto\" srcset=\"https:\/\/marchadelagorra.org\/2024\/wp-content\/uploads\/2016\/11\/Cuanto-mas-727x1024.jpg 727w, https:\/\/marchadelagorra.org\/2024\/wp-content\/uploads\/2016\/11\/Cuanto-mas-213x300.jpg 213w, https:\/\/marchadelagorra.org\/2024\/wp-content\/uploads\/2016\/11\/Cuanto-mas-768x1082.jpg 768w, https:\/\/marchadelagorra.org\/2024\/wp-content\/uploads\/2016\/11\/Cuanto-mas.jpg 889w\" sizes=\"(max-width: 727px) 100vw, 727px\" \/><\/a><\/figure>\n<\/div>\n\n\n<div style=\"height:100px\" aria-hidden=\"true\" class=\"wp-block-spacer\"><\/div>\n\n\n\n<p class=\"has-text-align-center\"><strong>11a Marcha de la Gorra:<\/strong> El Estado nos mata, sus medios lo bancan, nuestra lucha avanza<\/p>\n\n\n\n<p class=\"has-text-align-center\">17 de noviembre de 2017<\/p>\n\n\n<div class=\"wp-block-image\">\n<figure class=\"aligncenter size-full is-resized\"><a href=\"https:\/\/marchadelagorra.org\/2024\/wp-content\/uploads\/2023\/11\/11marchadelagorraa.jpg\"><img loading=\"lazy\" decoding=\"async\" width=\"323\" height=\"182\" src=\"https:\/\/marchadelagorra.org\/2024\/wp-content\/uploads\/2023\/11\/11marchadelagorraa.jpg\" alt=\"\" class=\"wp-image-2787\" style=\"width:422px;height:auto\" srcset=\"https:\/\/marchadelagorra.org\/2024\/wp-content\/uploads\/2023\/11\/11marchadelagorraa.jpg 323w, https:\/\/marchadelagorra.org\/2024\/wp-content\/uploads\/2023\/11\/11marchadelagorraa-300x169.jpg 300w\" sizes=\"(max-width: 323px) 100vw, 323px\" \/><\/a><\/figure>\n<\/div>\n\n\n<div style=\"height:100px\" aria-hidden=\"true\" class=\"wp-block-spacer\"><\/div>\n\n\n\n<p class=\"has-text-align-center\"><strong>12a Marcha de la Gorra:<\/strong> Terrorista es el Estado, no quien ten\u00e9s al lado<\/p>\n\n\n\n<p class=\"has-text-align-center\">23 de noviembre de 2018<\/p>\n\n\n<div class=\"wp-block-image\">\n<figure class=\"aligncenter size-full is-resized\"><a href=\"https:\/\/marchadelagorra.org\/2024\/wp-content\/uploads\/2023\/11\/12marchadelagorraa.jpg\"><img loading=\"lazy\" decoding=\"async\" width=\"384\" height=\"201\" src=\"https:\/\/marchadelagorra.org\/2024\/wp-content\/uploads\/2023\/11\/12marchadelagorraa.jpg\" alt=\"\" class=\"wp-image-2789\" style=\"width:399px;height:auto\" srcset=\"https:\/\/marchadelagorra.org\/2024\/wp-content\/uploads\/2023\/11\/12marchadelagorraa.jpg 384w, https:\/\/marchadelagorra.org\/2024\/wp-content\/uploads\/2023\/11\/12marchadelagorraa-300x157.jpg 300w\" sizes=\"(max-width: 384px) 100vw, 384px\" \/><\/a><\/figure>\n<\/div>\n\n\n<div style=\"height:100px\" aria-hidden=\"true\" class=\"wp-block-spacer\"><\/div>\n\n\n\n<p class=\"has-text-align-center\"><strong>13a Marcha de la Gorra:<\/strong> Tu Estado no da miedo, en mi barrio no me encierro<\/p>\n\n\n\n<p class=\"has-text-align-center\">28 de noviembre de 2019<\/p>\n\n\n<div class=\"wp-block-image\">\n<figure class=\"aligncenter size-full is-resized\"><a href=\"https:\/\/marchadelagorra.org\/2024\/wp-content\/uploads\/2023\/11\/13marchadelagorraa.jpg\"><img loading=\"lazy\" decoding=\"async\" width=\"189\" height=\"267\" src=\"https:\/\/marchadelagorra.org\/2024\/wp-content\/uploads\/2023\/11\/13marchadelagorraa.jpg\" alt=\"\" class=\"wp-image-2791\" style=\"width:261px;height:auto\"\/><\/a><\/figure>\n<\/div>\n\n\n<div style=\"height:100px\" aria-hidden=\"true\" class=\"wp-block-spacer\"><\/div>\n\n\n\n<p class=\"has-text-align-center\"><strong>14a Marcha de la Gorra: <\/strong>Ante la respuesta represiva, \u00a1somos memoria presente y lucha colectiva!<\/p>\n\n\n\n<p class=\"has-text-align-center\">20 de noviembre de 2020<\/p>\n\n\n<div class=\"wp-block-image\">\n<figure class=\"aligncenter size-full is-resized\"><a href=\"https:\/\/marchadelagorra.org\/2024\/wp-content\/uploads\/2021\/11\/streaming-14-mdlg.jpg\"><img loading=\"lazy\" decoding=\"async\" width=\"767\" height=\"432\" src=\"https:\/\/marchadelagorra.org\/2024\/wp-content\/uploads\/2021\/11\/streaming-14-mdlg.jpg\" alt=\"\" class=\"wp-image-2793\" style=\"width:550px;height:auto\" srcset=\"https:\/\/marchadelagorra.org\/2024\/wp-content\/uploads\/2021\/11\/streaming-14-mdlg.jpg 767w, https:\/\/marchadelagorra.org\/2024\/wp-content\/uploads\/2021\/11\/streaming-14-mdlg-300x169.jpg 300w\" sizes=\"(max-width: 767px) 100vw, 767px\" \/><\/a><\/figure>\n<\/div>\n\n\n<div style=\"height:100px\" aria-hidden=\"true\" class=\"wp-block-spacer\"><\/div>\n\n\n\n<p class=\"has-text-align-center\"><strong>15a Marcha de la Gorra: A la represi\u00f3n ni cabida, 15 a\u00f1os de bronca y lucha colectiva<\/strong><\/p>\n\n\n\n<p class=\"has-text-align-center\">18 de noviembre de 2021<\/p>\n\n\n<div class=\"wp-block-image\">\n<figure class=\"aligncenter size-large is-resized\"><a href=\"https:\/\/marchadelagorra.org\/2024\/wp-content\/uploads\/2024\/11\/15-mdlg.jpg\"><img loading=\"lazy\" decoding=\"async\" width=\"1024\" height=\"1024\" src=\"https:\/\/marchadelagorra.org\/2024\/wp-content\/uploads\/2024\/11\/15-mdlg-1024x1024.jpg\" alt=\"\" class=\"wp-image-3140\" style=\"width:316px;height:auto\" srcset=\"https:\/\/marchadelagorra.org\/2024\/wp-content\/uploads\/2024\/11\/15-mdlg-1024x1024.jpg 1024w, https:\/\/marchadelagorra.org\/2024\/wp-content\/uploads\/2024\/11\/15-mdlg-300x300.jpg 300w, https:\/\/marchadelagorra.org\/2024\/wp-content\/uploads\/2024\/11\/15-mdlg-150x150.jpg 150w, https:\/\/marchadelagorra.org\/2024\/wp-content\/uploads\/2024\/11\/15-mdlg-768x768.jpg 768w, https:\/\/marchadelagorra.org\/2024\/wp-content\/uploads\/2024\/11\/15-mdlg.jpg 1080w\" sizes=\"(max-width: 1024px) 100vw, 1024px\" \/><\/a><\/figure>\n<\/div>\n\n\n<div style=\"height:100px\" aria-hidden=\"true\" class=\"wp-block-spacer\"><\/div>\n\n\n\n<p class=\"has-text-align-center\"><strong>16a Marcha de la Gorra: Ocupar las calles: libres o nada<\/strong><\/p>\n\n\n\n<p class=\"has-text-align-center\">29 de noviembre de 2022<\/p>\n\n\n<div class=\"wp-block-image\">\n<figure class=\"aligncenter size-large is-resized\"><a href=\"https:\/\/marchadelagorra.org\/2024\/wp-content\/uploads\/2024\/11\/16-mdlg.jpg\"><img loading=\"lazy\" decoding=\"async\" width=\"823\" height=\"1024\" src=\"https:\/\/marchadelagorra.org\/2024\/wp-content\/uploads\/2024\/11\/16-mdlg-823x1024.jpg\" alt=\"\" class=\"wp-image-3137\" style=\"width:287px;height:auto\" srcset=\"https:\/\/marchadelagorra.org\/2024\/wp-content\/uploads\/2024\/11\/16-mdlg-823x1024.jpg 823w, https:\/\/marchadelagorra.org\/2024\/wp-content\/uploads\/2024\/11\/16-mdlg-241x300.jpg 241w, https:\/\/marchadelagorra.org\/2024\/wp-content\/uploads\/2024\/11\/16-mdlg-768x955.jpg 768w, https:\/\/marchadelagorra.org\/2024\/wp-content\/uploads\/2024\/11\/16-mdlg-1024x1274.jpg 1024w, https:\/\/marchadelagorra.org\/2024\/wp-content\/uploads\/2024\/11\/16-mdlg-868x1080.jpg 868w, https:\/\/marchadelagorra.org\/2024\/wp-content\/uploads\/2024\/11\/16-mdlg.jpg 1029w\" sizes=\"(max-width: 823px) 100vw, 823px\" \/><\/a><\/figure>\n<\/div>\n\n\n<div style=\"height:100px\" aria-hidden=\"true\" class=\"wp-block-spacer\"><\/div>\n\n\n\n<p class=\"has-text-align-center\"><strong>17a Marcha de la Gorra: Presentes en las calles. Ahora y Siempre.<\/strong><\/p>\n\n\n\n<p class=\"has-text-align-center\">07 de diciembre de 2023<\/p>\n\n\n<div class=\"wp-block-image\">\n<figure class=\"aligncenter size-large is-resized\"><a href=\"https:\/\/marchadelagorra.org\/2024\/wp-content\/uploads\/2024\/11\/presentes-17.jpg\"><img loading=\"lazy\" decoding=\"async\" width=\"819\" height=\"1024\" src=\"https:\/\/marchadelagorra.org\/2024\/wp-content\/uploads\/2024\/11\/presentes-17-819x1024.jpg\" alt=\"\" class=\"wp-image-3134\" style=\"width:309px;height:auto\" srcset=\"https:\/\/marchadelagorra.org\/2024\/wp-content\/uploads\/2024\/11\/presentes-17-819x1024.jpg 819w, https:\/\/marchadelagorra.org\/2024\/wp-content\/uploads\/2024\/11\/presentes-17-240x300.jpg 240w, https:\/\/marchadelagorra.org\/2024\/wp-content\/uploads\/2024\/11\/presentes-17-768x960.jpg 768w, https:\/\/marchadelagorra.org\/2024\/wp-content\/uploads\/2024\/11\/presentes-17.jpg 864w\" sizes=\"(max-width: 819px) 100vw, 819px\" \/><\/a><\/figure>\n<\/div>\n\n\n<div style=\"height:100px\" aria-hidden=\"true\" class=\"wp-block-spacer\"><\/div>\n\n\n\n<p class=\"has-text-align-center\"><strong>18a Marcha de la Gorra: La yuta quema. Nuestro fuego se aviva.<\/strong><\/p>\n\n\n\n<p class=\"has-text-align-center\">20 de noviembre de 2024<\/p>\n\n\n<div class=\"wp-block-image\">\n<figure class=\"aligncenter size-large is-resized\"><a href=\"https:\/\/marchadelagorra.org\/2024\/wp-content\/uploads\/2024\/11\/18elfuegoseaviva.jpg\"><img loading=\"lazy\" decoding=\"async\" width=\"819\" height=\"1024\" src=\"https:\/\/marchadelagorra.org\/2024\/wp-content\/uploads\/2024\/11\/18elfuegoseaviva-819x1024.jpg\" alt=\"\" class=\"wp-image-3116\" style=\"width:314px;height:auto\" srcset=\"https:\/\/marchadelagorra.org\/2024\/wp-content\/uploads\/2024\/11\/18elfuegoseaviva-819x1024.jpg 819w, https:\/\/marchadelagorra.org\/2024\/wp-content\/uploads\/2024\/11\/18elfuegoseaviva-240x300.jpg 240w, https:\/\/marchadelagorra.org\/2024\/wp-content\/uploads\/2024\/11\/18elfuegoseaviva-768x960.jpg 768w, https:\/\/marchadelagorra.org\/2024\/wp-content\/uploads\/2024\/11\/18elfuegoseaviva-1024x1280.jpg 1024w, https:\/\/marchadelagorra.org\/2024\/wp-content\/uploads\/2024\/11\/18elfuegoseaviva-864x1080.jpg 864w, https:\/\/marchadelagorra.org\/2024\/wp-content\/uploads\/2024\/11\/18elfuegoseaviva.jpg 1080w\" sizes=\"(max-width: 819px) 100vw, 819px\" \/><\/a><\/figure>\n<\/div>\n\n\n<div style=\"height:100px\" aria-hidden=\"true\" class=\"wp-block-spacer\"><\/div>\n\n\n\n<p class=\"has-text-align-center\"><strong>19a Marcha de la Gorra: Aire en el destrozo<\/strong><\/p>\n\n\n\n<p class=\"has-text-align-center\">20 de noviembre de 2025<\/p>\n\n\n<div class=\"wp-block-image\">\n<figure class=\"aligncenter size-large is-resized\"><a href=\"https:\/\/marchadelagorra.org\/2024\/wp-content\/uploads\/2025\/11\/mdlg-2025-aire-en-el-destrozo.webp\"><img loading=\"lazy\" decoding=\"async\" width=\"819\" height=\"1024\" src=\"https:\/\/marchadelagorra.org\/2024\/wp-content\/uploads\/2025\/11\/mdlg-2025-aire-en-el-destrozo-819x1024.webp\" alt=\"\" class=\"wp-image-3171\" style=\"width:314px;height:auto\" srcset=\"https:\/\/marchadelagorra.org\/2024\/wp-content\/uploads\/2025\/11\/mdlg-2025-aire-en-el-destrozo-819x1024.webp 819w, https:\/\/marchadelagorra.org\/2024\/wp-content\/uploads\/2025\/11\/mdlg-2025-aire-en-el-destrozo-240x300.webp 240w, https:\/\/marchadelagorra.org\/2024\/wp-content\/uploads\/2025\/11\/mdlg-2025-aire-en-el-destrozo-768x960.webp 768w, https:\/\/marchadelagorra.org\/2024\/wp-content\/uploads\/2025\/11\/mdlg-2025-aire-en-el-destrozo-1229x1536.webp 1229w, https:\/\/marchadelagorra.org\/2024\/wp-content\/uploads\/2025\/11\/mdlg-2025-aire-en-el-destrozo-1024x1280.webp 1024w, https:\/\/marchadelagorra.org\/2024\/wp-content\/uploads\/2025\/11\/mdlg-2025-aire-en-el-destrozo-864x1080.webp 864w, https:\/\/marchadelagorra.org\/2024\/wp-content\/uploads\/2025\/11\/mdlg-2025-aire-en-el-destrozo.webp 1440w\" sizes=\"(max-width: 819px) 100vw, 819px\" \/><\/a><\/figure>\n<\/div>\n\n\n<div style=\"height:100px\" aria-hidden=\"true\" class=\"wp-block-spacer\"><\/div>\n","protected":false},"excerpt":{"rendered":"<p>Ediciones de la Marcha de la Gorra MDLG 7 MDLG 8 MDLG 9 MDLG 10 MDLG 11 MDLG 12 MDLG 13 MDLG 14 MDLG 15 MDLG 16 MDLG 17 MDLG 18 MDLG 19 CONSIGNAS DE MARCHAS ANTERIORES: 1\u00aa Marcha de la Gorra: \u00bfPor qu\u00e9 tu gorra s\u00ed, la m\u00eda no? 20 de noviembre de 2007&hellip; <br \/> <a class=\"button small blue\" href=\"https:\/\/marchadelagorra.org\/2024\/mdlg\/\">Leer m\u00e1s<\/a><\/p>\n","protected":false},"author":3,"featured_media":0,"parent":0,"menu_order":0,"comment_status":"closed","ping_status":"closed","template":"","meta":{"footnotes":""},"class_list":["post-2577","page","type-page","status-publish","hentry"],"aioseo_notices":[],"_links":{"self":[{"href":"https:\/\/marchadelagorra.org\/2024\/wp-json\/wp\/v2\/pages\/2577","targetHints":{"allow":["GET"]}}],"collection":[{"href":"https:\/\/marchadelagorra.org\/2024\/wp-json\/wp\/v2\/pages"}],"about":[{"href":"https:\/\/marchadelagorra.org\/2024\/wp-json\/wp\/v2\/types\/page"}],"author":[{"embeddable":true,"href":"https:\/\/marchadelagorra.org\/2024\/wp-json\/wp\/v2\/users\/3"}],"replies":[{"embeddable":true,"href":"https:\/\/marchadelagorra.org\/2024\/wp-json\/wp\/v2\/comments?post=2577"}],"version-history":[{"count":10,"href":"https:\/\/marchadelagorra.org\/2024\/wp-json\/wp\/v2\/pages\/2577\/revisions"}],"predecessor-version":[{"id":3172,"href":"https:\/\/marchadelagorra.org\/2024\/wp-json\/wp\/v2\/pages\/2577\/revisions\/3172"}],"wp:attachment":[{"href":"https:\/\/marchadelagorra.org\/2024\/wp-json\/wp\/v2\/media?parent=2577"}],"curies":[{"name":"wp","href":"https:\/\/api.w.org\/{rel}","templated":true}]}}