{"id":2459,"date":"2022-11-07T14:33:03","date_gmt":"2022-11-07T14:33:03","guid":{"rendered":"https:\/\/marchadelagorra.org\/?page_id=2459"},"modified":"2024-10-23T21:05:19","modified_gmt":"2024-10-23T21:05:19","slug":"descarga-materiales-para-taller-sobre-la-mdlg","status":"publish","type":"page","link":"https:\/\/marchadelagorra.org\/2024\/descarga-materiales-para-taller-sobre-la-mdlg\/","title":{"rendered":"Descarg\u00e1 materiales para realizar talleres sobre la MDLG"},"content":{"rendered":"<h3>Manuales y Derechos<\/h3>\n<ul>\n<li><a href=\"https:\/\/marchadelagorra.org\/wp-content\/uploads\/2022\/11\/Denuncia-la-violencia-policial.pdf\" target=\"_blank\" rel=\"noopener\"><strong>Denunci\u00e1 violencia<\/strong><\/a><\/li>\n<li><strong><a href=\"https:\/\/marchadelagorra.org\/wp-content\/uploads\/2022\/11\/Si-te-paran-en-la-calle.pdf\" target=\"_blank\" rel=\"noopener\">Si te paran en la calle<\/a><\/strong><\/li>\n<li><strong><a href=\"https:\/\/marchadelagorra.org\/wp-content\/uploads\/2022\/11\/Si-te-detienen-por-un-delito.pdf\" target=\"_blank\" rel=\"noopener\">Si te detienen por un delito<\/a><\/strong><\/li>\n<li><strong><a href=\"https:\/\/marchadelagorra.org\/wp-content\/uploads\/2023\/11\/Kit-Resistencia-2016.pdf\" target=\"_blank\" rel=\"noopener\">Kit de Resistencia al C\u00f3digo de Convivencia<\/a><\/strong><br \/>\nEste material fue elaborado en 2016 por un grupo de abogadxs populares, el Colectivo de J\u00f3venes por nuestros derechos y la Asociaci\u00f3n civil La Minga, ante la modificaci\u00f3n del c\u00f3digo contravencional. El antiguo C\u00f3digo de Faltas era una herramienta\/excusa muy utilizada por la polic\u00eda para justificar sus violencias y el control social sobre determinadas identidades. Con la implementaci\u00f3n del actual C\u00f3digo de Convivencia, notamos que las detenciones por contravenciones disminuyeron pero aumentaron las detenciones bajo el C\u00f3digo Penal, y las pr\u00e1cticas violentas contin\u00faan. En este marco, recomendamos su lectura para conocer el marco normativo que nos rige, los sentidos que lo sostienen y recursos posibles de utilizar.<\/li>\n<li><strong><a href=\"https:\/\/marchadelagorra.org\/wp-content\/uploads\/2022\/11\/Donde-denunciar-violencia-policial.pdf\" target=\"_blank\" rel=\"noopener\">D\u00f3nde asesorarte y denunciar<\/a><\/strong><\/li>\n<li><strong><a href=\"https:\/\/marchadelagorra.org\/wp-content\/uploads\/2022\/11\/Manual-del-Pequeno-Detenido-CORREPI-2019.pdf\" target=\"_blank\" rel=\"noopener\">Manual del peque\u00f1o detenido &#8211; Correpi<\/a><\/strong><\/li>\n<li><strong><a href=\"https:\/\/marchadelagorra.org\/wp-content\/uploads\/2022\/11\/00-181.jpg\" target=\"_blank\" rel=\"noopener\">\u00bfQu\u00e9 hacer si un polic\u00eda te pregunta por qu\u00e9 est\u00e1s grabando con tu celular?<\/a><\/strong><\/li>\n<\/ul>\n<h3>Materiales de prensa de la MDLG<\/h3>\n<ul>\n<li><strong><a href=\"https:\/\/marchadelagorra.org\/material-de-prensa-16-mdlg\/\" target=\"_blank\" rel=\"noopener\">Todas las consignas y afiches de la Marcha de la Gorra<\/a><\/strong><\/li>\n<li><a href=\"https:\/\/museoantropologia.unc.edu.ar\/wp-content\/uploads\/sites\/16\/2021\/08\/Cartilla-de-La-Marcha-de-la-Gorra.pdf\" target=\"_blank\" rel=\"noopener\"><strong>Cartilla de la MDLG<\/strong><\/a><\/li>\n<\/ul>\n<h3>Audiovisuales: Qui\u00e9nes somos y Testimonios<\/h3>\n<ul>\n<li><strong><a href=\"https:\/\/www.youtube.com\/watch?v=l6UJwxBovJM\" target=\"_blank\" rel=\"noopener\">Qui\u00e9nes somos<\/a><\/strong><\/li>\n<li><a href=\"https:\/\/www.youtube.com\/watch?v=OU7Q9SX_FJI\" target=\"_blank\" rel=\"noopener\"><strong>Qu\u00e9 es la cobertura colaborativa de la MDLG<\/strong> &#8211; Miradas Sociales<\/a><\/li>\n<li><a href=\"https:\/\/www.youtube.com\/watch?v=h10u_OSxvs8\" target=\"_blank\" rel=\"noopener\"><strong>3\u00b0 MDLG<\/strong> &#8211; El C\u00f3digo que no hace falta<\/a><\/li>\n<li><strong>4\u00b0 MDLG<\/strong> <a href=\"https:\/\/www.youtube.com\/watch?v=pM2D_DXWBK0\">Video 1<\/a> &#8211; <a href=\"https:\/\/www.youtube.com\/watch?v=Btc6R11xOZM\" target=\"_blank\" rel=\"noopener\">Video 2<\/a><\/li>\n<li><strong><a href=\"https:\/\/www.youtube.com\/watch?v=YTkygB2Zi1A\" target=\"_blank\" rel=\"noopener\">5\u00b0 MDLG<\/a><\/strong><\/li>\n<li><strong>6\u00b0 MDLG<\/strong> <a href=\"https:\/\/www.youtube.com\/watch?v=EC_vOETWaRA\" target=\"_blank\" rel=\"noopener\">Video 1<\/a> &#8211; <a href=\"https:\/\/www.youtube.com\/watch?v=ah9PTmBdMzE\" target=\"_blank\" rel=\"noopener\">Video 2<\/a><\/li>\n<li><strong><a href=\"https:\/\/www.youtube.com\/watch?v=GOqbBOC1ViI\" target=\"_blank\" rel=\"noopener\">7\u00b0 MDLG<\/a><\/strong><\/li>\n<li><strong>8\u00b0 MDLG<\/strong><\/li>\n<li><strong><a href=\"https:\/\/www.youtube.com\/watch?v=EdPQqTsGHy0\" target=\"_blank\" rel=\"noopener\">9\u00b0 MDLG<\/a><\/strong><\/li>\n<li><strong>10\u00b0 MDLG<\/strong> <a href=\"https:\/\/www.youtube.com\/watch?v=exMJrVD_yD4\" target=\"_blank\" rel=\"noopener\">Video 1<\/a> &#8211; <a href=\"https:\/\/www.youtube.com\/watch?v=OU7Q9SX_FJI\" target=\"_blank\" rel=\"noopener\">Video 2<\/a> |\u00a0<a href=\"https:\/\/www.youtube.com\/watch?v=2KLMH-6W5cU\" target=\"_blank\" rel=\"noopener\">Texto de la hermana de Juli\u00e1n \u00c1lvez<\/a><\/li>\n<li><strong><a href=\"https:\/\/www.youtube.com\/watch?v=N7TiN4ZQrr0\" target=\"_blank\" rel=\"noopener\">11\u00b0 MDLG<\/a><\/strong><\/li>\n<li><a href=\"https:\/\/www.youtube.com\/watch?v=jrDq5Tk3khs\" target=\"_blank\" rel=\"noopener\"><strong>12\u00b0 MDLG<\/strong><\/a><\/li>\n<li><strong><a href=\"https:\/\/www.youtube.com\/watch?v=QFNkxSdlgnc\" target=\"_blank\" rel=\"noopener\">13\u00b0 MDLG<\/a><\/strong><\/li>\n<li><strong>14\u00b0 MDLG<\/strong> &#8211; Transmisi\u00f3n por streaming <a href=\"https:\/\/www.youtube.com\/watch?v=5Mbtt-bLdME\" target=\"_blank\" rel=\"noopener\">Video 1<\/a> &#8211; <a href=\"https:\/\/www.youtube.com\/watch?v=4Jte_xU5vC0\" target=\"_blank\" rel=\"noopener\">Video 2<\/a> | <a href=\"https:\/\/www.youtube.com\/watch?v=SJJxCKrSBgI\" target=\"_blank\" rel=\"noopener\">Video 3<\/a><\/li>\n<li><a href=\"https:\/\/www.youtube.com\/watch?v=yizScAA5fjY\" target=\"_blank\" rel=\"noopener\"><strong>15\u00b0 MDLG<\/strong> &#8211; Geometr\u00eda Sagrada<\/a><\/li>\n<\/ul>\n<h3>Otros audiovisuales que pueden servir como disparadores sobre la tem\u00e1tica:<\/h3>\n<ul>\n<li><strong><a href=\"https:\/\/www.youtube.com\/watch?v=vli5b5iFzdU\" target=\"_blank\" rel=\"noopener\">Documental Nunca digas Nunca<\/a><\/strong><br \/>\nDocumental independiente, colectivo y an\u00f3nimo que reflexiona y denuncia c\u00f3mo funciona la represi\u00f3n en la actualidad. Somos una generaci\u00f3n que no vivi\u00f3 la dictadura y se pregunta qu\u00e9 es desaparecer en democracia.<\/li>\n<li><strong><a href=\"https:\/\/www.youtube.com\/watch?v=cf-t20QiFy4\" target=\"_blank\" rel=\"noopener\">Pel\u00edcula \u00bfQui\u00e9n mato a mi hermano?<\/a><\/strong><br \/>\nLa pel\u00edcula narra c\u00f3mo fue la lucha para mostrar, investigar y juzgar el crimen de lesa humanidad de Luciano Arruga. En nuestra historia se siente el dolor causado a familiares de las v\u00edctimas, la crueldad del sistema pol\u00edtico y judicial que se niega a reconocer la desaparici\u00f3n de Luciano y la brutalidad de las fuerzas policiales.<\/li>\n<li><a href=\"https:\/\/www.youtube.com\/watch?v=qfQPMKSAPTY\" target=\"_blank\" rel=\"noopener\"><strong>Documental Ni un pibe menos<\/strong><\/a><br \/>\nDocumental que reconstruye la muerte de Kevin, el ni\u00f1o de 9 a\u00f1os asesinado por una bala perdida en un tiroteo entre bandas en una zona de Villa Zavaleta liberada por la Gendarmer\u00eda.<\/li>\n<li><strong><a href=\"https:\/\/www.youtube.com\/watch?v=5jGWCREiUcc\" target=\"_blank\" rel=\"noopener\">Documental Madres<\/a><\/strong><br \/>\nEl documental retrata la lucha de un grupo de madres de j\u00f3venes que fueron v\u00edctimas de la represi\u00f3n estatal &#8211; m\u00e1s conocido como gatillo f\u00e1cil- en la ciudad de C\u00f3rdoba, en su intento por encontrar justicia.<\/li>\n<li><a href=\"https:\/\/www.youtube.com\/watch?v=UulvcS31rxg\" target=\"_blank\" rel=\"noopener\"><strong>Los Maricones de Daniel Tortosa<\/strong><\/a><br \/>\nTestimonios reveladores sobre la persecuci\u00f3n policial a homosexuales y colectivo trans en C\u00f3rdoba, Argentina, desde los a\u00f1os 70 hasta nuestros d\u00edas.<\/li>\n<\/ul>\n<h3><strong>Kit de Resistencia<\/strong><\/h3>\n<p><img fetchpriority=\"high\" decoding=\"async\" class=\"alignnone size-medium wp-image-2797\" src=\"https:\/\/marchadelagorra.org\/wp-content\/uploads\/2023\/11\/kit-de-resistencia-contra-el-codigo-1-300x167.webp\" sizes=\"(max-width: 300px) 100vw, 300px\" srcset=\"https:\/\/marchadelagorra.org\/2024\/wp-content\/uploads\/2023\/11\/kit-de-resistencia-contra-el-codigo-1-300x167.webp 300w, https:\/\/marchadelagorra.org\/2024\/wp-content\/uploads\/2023\/11\/kit-de-resistencia-contra-el-codigo-1.webp 720w\" alt=\"\" width=\"300\" height=\"167\" \/><\/p>\n<p>El primer d\u00eda h\u00e1bil de abril entrar\u00e1 en vigencia del C\u00f3digo de Convivencia, que no es otra cosa que el C\u00f3digo de Faltas \u201cdibujado\u201d. Frente a esto, desde el Colectivo de J\u00f3venes por Nuestros Derechos y decenas de organizaciones e instituciones, necesitamos conocer c\u00f3mo el Gobierno Provincial aplicar\u00e1 esta nueva Ley de control social y\u00a0 qu\u00e9 implicancias tendr\u00e1 en la vida cotidiana de j\u00f3venes, carreros, trabajadoras sexuales, y en otras v\u00edctimas que d\u00eda a d\u00eda reciben las pr\u00e1cticas del abuso policial. Adem\u00e1s, es necesario saber c\u00f3mo continuar\u00e1 el proceso de lucha de cada organizaci\u00f3n y qu\u00e9 tipo de estrategias les permitir\u00e1n actuar en el \u00e1mbito del poder judicial.<br \/>\nEs por eso que el Colectivo de J\u00f3venes Por Nuestros Derechos y la Asociaci\u00f3n Civil La Minga, articul\u00f3 junto con un grupo de abogadxs compa\u00f1erxs, para a pensar y profundizar sobre el nuevo c\u00f3digo y su puesta en vigencia. De ese trabajo en conjunto es que se lleg\u00f3 al \u201cKit de Resistencia\u201d, documento que aportar\u00e1 algunas herramientas jur\u00eddicas a las organizaciones e instituciones, que de alguna manera, se reconocen en la resistencia, ya sea en barrios, calles y con sus propios cuerpos.<\/p>\n<p><a title=\"Kit-Resistencia\" href=\"https:\/\/marchadelagorra.org\/wp-content\/uploads\/2023\/11\/Kit-Resistencia-2016.pdf\" target=\"_blank\" rel=\"noopener\">Descargar Kit de Resistencia<\/a><\/p>\n<header class=\"entry-header\">\n<h3 class=\"entry-title\">Descargar Herramientas del Kit<\/h3>\n<\/header>\n<div class=\"entry-content clearfix\">\n<p>Estas son algunas herramientas que tenemos para compartir para que las organizaciones, agrupaciones e instituciones puedan hacer uso:<\/p>\n<ul>\n<li><a title=\"Codigo-de-Convivenci\" href=\"https:\/\/marchadelagorra.org\/wp-content\/uploads\/2023\/11\/Codigo-de-Convivencia.doc.pdf\" target=\"_blank\" rel=\"noopener\">Descargar C\u00f3digo de Convivencia<\/a><\/li>\n<li><a href=\"https:\/\/marchadelagorra.org\/wp-content\/uploads\/2016\/03\/Trabajo-comunitario-certificado.doc\" target=\"_blank\" rel=\"noopener\">Trabajo Comunitario Certificado<\/a><\/li>\n<li><a href=\"https:\/\/marchadelagorra.org\/wp-content\/uploads\/2016\/03\/Solicito-Recupero-de-Libertad.doc\" target=\"_blank\" rel=\"noopener\">Solicito Recupero de Libertad<\/a><\/li>\n<li><a href=\"https:\/\/marchadelagorra.org\/wp-content\/uploads\/2016\/03\/Solicita-Revision-Judicial.docx\" target=\"_blank\" rel=\"noopener\">Solicita Revisi\u00f3n Judicial<\/a><\/li>\n<li><a href=\"https:\/\/marchadelagorra.org\/wp-content\/uploads\/2016\/03\/Solicita-Revision-Judicial-sin-preso.docx\" target=\"_blank\" rel=\"noopener\">Solicita Revisi\u00f3n Judicial sin preso<\/a><\/li>\n<li><a href=\"https:\/\/marchadelagorra.org\/wp-content\/uploads\/2016\/03\/Modelo-Habeas-Corpus-Preventivo-marzo-2016.docx\" target=\"_blank\" rel=\"noopener\">Modelo Habeas Corpus Preventivo Marzo 2016<\/a><\/li>\n<li><a href=\"https:\/\/marchadelagorra.org\/wp-content\/uploads\/2016\/03\/Pedido-Formal-de-Aclaratoria.doc\" target=\"_blank\" rel=\"noopener\">Pedido Formal de Aclaratoria<\/a><\/li>\n<\/ul>\n<\/div>\n","protected":false},"excerpt":{"rendered":"<p>Manuales y Derechos Denunci\u00e1 violencia Si te paran en la calle Si te detienen por un delito Kit de Resistencia al C\u00f3digo de Convivencia Este material fue elaborado en 2016 por un grupo de abogadxs populares, el Colectivo de J\u00f3venes por nuestros derechos y la Asociaci\u00f3n civil La Minga, ante la modificaci\u00f3n del c\u00f3digo contravencional.&hellip; <br \/> <a class=\"button small blue\" href=\"https:\/\/marchadelagorra.org\/2024\/descarga-materiales-para-taller-sobre-la-mdlg\/\">Leer m\u00e1s<\/a><\/p>\n","protected":false},"author":3,"featured_media":0,"parent":0,"menu_order":0,"comment_status":"closed","ping_status":"closed","template":"","meta":{"footnotes":""},"class_list":["post-2459","page","type-page","status-publish","hentry"],"aioseo_notices":[],"_links":{"self":[{"href":"https:\/\/marchadelagorra.org\/2024\/wp-json\/wp\/v2\/pages\/2459","targetHints":{"allow":["GET"]}}],"collection":[{"href":"https:\/\/marchadelagorra.org\/2024\/wp-json\/wp\/v2\/pages"}],"about":[{"href":"https:\/\/marchadelagorra.org\/2024\/wp-json\/wp\/v2\/types\/page"}],"author":[{"embeddable":true,"href":"https:\/\/marchadelagorra.org\/2024\/wp-json\/wp\/v2\/users\/3"}],"replies":[{"embeddable":true,"href":"https:\/\/marchadelagorra.org\/2024\/wp-json\/wp\/v2\/comments?post=2459"}],"version-history":[{"count":0,"href":"https:\/\/marchadelagorra.org\/2024\/wp-json\/wp\/v2\/pages\/2459\/revisions"}],"wp:attachment":[{"href":"https:\/\/marchadelagorra.org\/2024\/wp-json\/wp\/v2\/media?parent=2459"}],"curies":[{"name":"wp","href":"https:\/\/api.w.org\/{rel}","templated":true}]}}