{"id":2254,"date":"2020-11-11T17:54:15","date_gmt":"2020-11-11T17:54:15","guid":{"rendered":"https:\/\/marchadelagorra.org\/?page_id=2254"},"modified":"2023-11-18T22:13:36","modified_gmt":"2023-11-18T22:13:36","slug":"bono-contribucion","status":"publish","type":"page","link":"https:\/\/marchadelagorra.org\/2024\/bono-contribucion\/","title":{"rendered":"Bono contribuci\u00f3n"},"content":{"rendered":"<p>La 16 ya casi esta acaaaaaaa<br \/>\nEl 29 de noviembre, a las 18hs desde Col\u00f3n y Gral. Paz<\/p>\n<p>Y para eso, necesitamos tu aporte! <strong>Pod\u00e9s comprar un Bono Contribuci\u00f3n<\/strong><\/p>\n<div class=\"su-box su-box-style-glass\" id=\"\" style=\"border-color:#00977d;border-radius:3px;max-width:none\"><div class=\"su-box-title\" style=\"background-color:#00cab0;color:#000000;border-top-left-radius:1px;border-top-right-radius:1px\">Bono<\/div><div class=\"su-box-content su-u-clearfix su-u-trim\" style=\"border-bottom-left-radius:1px;border-bottom-right-radius:1px\">&#x2757;<strong>Bono Contribuci\u00f3n<\/strong> para realizar aportes monetarios y as\u00ed sumar para cubrir los gastos necesarios de la movilizaci\u00f3n. Se pueden enviar colaboraciones a trav\u00e9s del <em><strong>alias 16.MarchaDeLaGorra<\/strong><\/em>.<\/div><\/div>\n<p><a href=\"https:\/\/marchadelagorra.org\/wp-content\/uploads\/2022\/11\/bono.jpg\"><img fetchpriority=\"high\" decoding=\"async\" class=\"alignnone size-medium wp-image-2720\" src=\"https:\/\/marchadelagorra.org\/wp-content\/uploads\/2022\/11\/bono-300x167.jpg\" alt=\"\" width=\"300\" height=\"167\" srcset=\"https:\/\/marchadelagorra.org\/2024\/wp-content\/uploads\/2022\/11\/bono-300x167.jpg 300w, https:\/\/marchadelagorra.org\/2024\/wp-content\/uploads\/2022\/11\/bono-768x427.jpg 768w, https:\/\/marchadelagorra.org\/2024\/wp-content\/uploads\/2022\/11\/bono.jpg 800w\" sizes=\"(max-width: 300px) 100vw, 300px\" \/><\/a><\/p>\n<p>Nos vemos en la calle&#x1f525;<br \/>\n#16MDLG<br \/>\n#MarchadelaGorraCordoba<\/p>\n<p>&nbsp;<\/p>\n","protected":false},"excerpt":{"rendered":"<p>La 16 ya casi esta acaaaaaaa El 29 de noviembre, a las 18hs desde Col\u00f3n y Gral. Paz Y para eso, necesitamos tu aporte! Pod\u00e9s comprar un Bono Contribuci\u00f3n Nos vemos en la calle&#x1f525; #16MDLG #MarchadelaGorraCordoba &nbsp;<\/p>\n","protected":false},"author":3,"featured_media":2512,"parent":0,"menu_order":0,"comment_status":"closed","ping_status":"closed","template":"","meta":{"footnotes":""},"class_list":["post-2254","page","type-page","status-publish","has-post-thumbnail","hentry"],"aioseo_notices":[],"_links":{"self":[{"href":"https:\/\/marchadelagorra.org\/2024\/wp-json\/wp\/v2\/pages\/2254","targetHints":{"allow":["GET"]}}],"collection":[{"href":"https:\/\/marchadelagorra.org\/2024\/wp-json\/wp\/v2\/pages"}],"about":[{"href":"https:\/\/marchadelagorra.org\/2024\/wp-json\/wp\/v2\/types\/page"}],"author":[{"embeddable":true,"href":"https:\/\/marchadelagorra.org\/2024\/wp-json\/wp\/v2\/users\/3"}],"replies":[{"embeddable":true,"href":"https:\/\/marchadelagorra.org\/2024\/wp-json\/wp\/v2\/comments?post=2254"}],"version-history":[{"count":0,"href":"https:\/\/marchadelagorra.org\/2024\/wp-json\/wp\/v2\/pages\/2254\/revisions"}],"wp:featuredmedia":[{"embeddable":true,"href":"https:\/\/marchadelagorra.org\/2024\/wp-json\/"}],"wp:attachment":[{"href":"https:\/\/marchadelagorra.org\/2024\/wp-json\/wp\/v2\/media?parent=2254"}],"curies":[{"name":"wp","href":"https:\/\/api.w.org\/{rel}","templated":true}]}}